{"id":15,"date":"2019-06-25T23:50:41","date_gmt":"2019-06-25T23:50:41","guid":{"rendered":"https:\/\/ccib.ro\/afacerea\/?page_id=15"},"modified":"2020-10-01T12:11:47","modified_gmt":"2020-10-01T12:11:47","slug":"arhiva","status":"publish","type":"page","link":"https:\/\/revista-afacerea.ro\/afacerea\/arhiva\/?issue=serie-noua-nr-41-15-01-01-2025-14-02-2025","title":{"rendered":"Arhiv\u0103"},"content":{"rendered":"<section class=\"l-section wpb_row us_custom_6a458c90 lista_arhiva height_small\"><div class=\"l-section-h i-cf\"><div class=\"g-cols vc_row via_flex valign_top type_default stacking_default\"><div class=\"vc_col-sm-12 wpb_column vc_column_container\"><div class=\"vc_column-inner\"><div class=\"wpb_wrapper\"><h1 class=\"w-post-elm post_title entry-title color_link_inherit\">Arhiv\u0103<\/h1><a href=\"https:\/\/revista-afacerea.ro\/afacerea\/?issue=nr-1-09-09-2020-06-10-2020\" alt=\"SERIE NOU\u0102 Nr. 1 (09.09.2020 - 06.10.2020)\">SERIE NOU\u0102 Nr. 1 (09.09.2020 - 06.10.2020) 144 322<\/a><a href=\"https:\/\/revista-afacerea.ro\/afacerea\/?issue=nr-2-07-10-2020-03-11-2020\" alt=\"SERIE NOU\u0102 Nr. 2 (07.10.2020 - 03.11.2020)\">SERIE NOU\u0102 Nr. 2 (07.10.2020 - 03.11.2020) 145 322<\/a><a href=\"https:\/\/revista-afacerea.ro\/afacerea\/?issue=serie-noua-nr-3-04-11-2020-01-12-2020\" alt=\"SERIE NOU\u0102 Nr. 3 (04.11.2020 - 01.12.2020)\">SERIE NOU\u0102 Nr. 3 (04.11.2020 - 01.12.2020) 147 322<\/a><a href=\"https:\/\/revista-afacerea.ro\/afacerea\/?issue=serie-noua-nr-4-02-12-2020-12-01-2021\" alt=\"SERIE NOU\u0102 Nr. 4 (02.12.2020 - 12.01.2021)\">SERIE NOU\u0102 Nr. 4 (02.12.2020 - 12.01.2021) 152 322<\/a><a href=\"https:\/\/revista-afacerea.ro\/afacerea\/?issue=serie-noua-nr-5-13-01-2021-09-02-2021\" alt=\"SERIE NOU\u0102 Nr. 5 (13.01.2021 - 09.02.2021)\">SERIE NOU\u0102 Nr. 5 (13.01.2021 - 09.02.2021) 154 322<\/a><a href=\"https:\/\/revista-afacerea.ro\/afacerea\/?issue=serie-noua-nr-6-10-02-2021-08-03-2021\" alt=\"SERIE NOU\u0102 Nr. 6 (10.02.2021 - 13.03.2021)\">SERIE NOU\u0102 Nr. 6 (10.02.2021 - 13.03.2021) 155 322<\/a><a href=\"https:\/\/revista-afacerea.ro\/afacerea\/?issue=serie-noua-nr-7-14-03-2021-14-04-2021\" alt=\"SERIE NOU\u0102 Nr. 7 (14.03.2021 - 14.04.2021)\">SERIE NOU\u0102 Nr. 7 (14.03.2021 - 14.04.2021) 165 322<\/a><a href=\"https:\/\/revista-afacerea.ro\/afacerea\/?issue=serie-noua-nr-8-15-04-2021-11-05-2021\" alt=\"SERIE NOU\u0102 Nr. 8 (15.04.2021 - 11.05.2021)\">SERIE NOU\u0102 Nr. 8 (15.04.2021 - 11.05.2021) 168 322<\/a><a href=\"https:\/\/revista-afacerea.ro\/afacerea\/?issue=serie-noua-nr-9-12-05-2021-15-06-2021\" alt=\"SERIE NOU\u0102 Nr. 9 (12.05.2021 - 15.06.2021)\">SERIE NOU\u0102 Nr. 9 (12.05.2021 - 15.06.2021) 170 322<\/a><a href=\"https:\/\/revista-afacerea.ro\/afacerea\/?issue=serie-noua-nr-10-16-06-2021-20-07-2021\" alt=\"SERIE NOU\u0102 Nr. 10 (16.06.2021 - 20.07.2021)\">SERIE NOU\u0102 Nr. 10 (16.06.2021 - 20.07.2021) 171 322<\/a><a href=\"https:\/\/revista-afacerea.ro\/afacerea\/?issue=serie-noua-nr-11-21-07-2021-17-08-2021\" alt=\"SERIE NOU\u0102 Nr. 11 (21.07.2021 - 17.08.2021)\">SERIE NOU\u0102 Nr. 11 (21.07.2021 - 17.08.2021) 173 322<\/a><a href=\"https:\/\/revista-afacerea.ro\/afacerea\/?issue=serie-noua-nr-12-18-08-2021-20-10-2021\" alt=\"SERIE NOU\u0102 Nr. 12 (18.08.2021 - 20.10.2021)\">SERIE NOU\u0102 Nr. 12 (18.08.2021 - 20.10.2021) 175 322<\/a><a href=\"https:\/\/revista-afacerea.ro\/afacerea\/?issue=serie-noua-nr-13-21-10-2021-14-12-2021\" alt=\"SERIE NOU\u0102 Nr. 13 (21.10.2021 - 14.12.2021)\">SERIE NOU\u0102 Nr. 13 (21.10.2021 - 14.12.2021) 176 322<\/a><a href=\"https:\/\/revista-afacerea.ro\/afacerea\/?issue=serie-noua-nr-14-15-12-2021-26-01-2022\" alt=\"SERIE NOU\u0102 Nr. 14 (15.12.2021 - 26.01.2022)\">SERIE NOU\u0102 Nr. 14 (15.12.2021 - 26.01.2022) 177 322<\/a><a href=\"https:\/\/revista-afacerea.ro\/afacerea\/?issue=serie-noua-nr-15-27-01-2022-22-02-2022\" alt=\"SERIE NOU\u0102 Nr. 15 (27.01.2022 - 03.03.2022)\">SERIE NOU\u0102 Nr. 15 (27.01.2022 - 03.03.2022) 178 322<\/a><a href=\"https:\/\/revista-afacerea.ro\/afacerea\/?issue=serie-noua-nr-16-04-03-2022-26-04-2022\" alt=\"SERIE NOU\u0102 Nr. 16 (04.03.2022 - 26.04.2022)\">SERIE NOU\u0102 Nr. 16 (04.03.2022 - 26.04.2022) 181 322<\/a><a href=\"https:\/\/revista-afacerea.ro\/afacerea\/?issue=serie-noua-nr-17-27-04-2022-24-05-2022\" alt=\"SERIE NOU\u0102 Nr. 17 (27.04.2022 - 24.05.2022)\">SERIE NOU\u0102 Nr. 17 (27.04.2022 - 24.05.2022) 183 322<\/a><a href=\"https:\/\/revista-afacerea.ro\/afacerea\/?issue=serie-noua-nr-19-20-07-2022-30-08-2022\" alt=\"SERIE NOU\u0102 Nr. 18 (25.05.2022 - 19.07.2022)\">SERIE NOU\u0102 Nr. 18 (25.05.2022 - 19.07.2022) 185 322<\/a><a href=\"https:\/\/revista-afacerea.ro\/afacerea\/?issue=serie-noua-nr-19-20-07-2022-30-08-2022-2\" alt=\"SERIE NOU\u0102 Nr. 19 (20.07.2022 - 30.08.2022)\">SERIE NOU\u0102 Nr. 19 (20.07.2022 - 30.08.2022) 187 322<\/a><a href=\"https:\/\/revista-afacerea.ro\/afacerea\/?issue=serie-noua-nr-20-01-09-2022-22-11-2022\" alt=\"SERIE NOU\u0102 Nr. 20 (01.09.2022 - 22.11.2022)\">SERIE NOU\u0102 Nr. 20 (01.09.2022 - 22.11.2022) 188 322<\/a><a href=\"https:\/\/revista-afacerea.ro\/afacerea\/?issue=serie-noua-nr-21-23-11-2022-25-01-2023\" alt=\"SERIE NOU\u0102 Nr. 21 (23.11.2022 - 25.01.2023)\">SERIE NOU\u0102 Nr. 21 (23.11.2022 - 25.01.2023) 189 322<\/a><a href=\"https:\/\/revista-afacerea.ro\/afacerea\/?issue=serie-noua-nr-22-26-01-2023-22-02-2023\" alt=\"SERIE NOU\u0102 Nr. 22 (26.01.2023 - 22.02.2023)\">SERIE NOU\u0102 Nr. 22 (26.01.2023 - 22.02.2023) 190 322<\/a><a href=\"https:\/\/revista-afacerea.ro\/afacerea\/?issue=serie-noua-nr-23-23-02-2023-22-03-2023\" alt=\"SERIE NOU\u0102 Nr. 23 (23.02.2023 - 22.03.2023)\">SERIE NOU\u0102 Nr. 23 (23.02.2023 - 22.03.2023) 191 322<\/a><a href=\"https:\/\/revista-afacerea.ro\/afacerea\/?issue=serie-noua-nr-24-23-03-2023-20-04-2023\" alt=\"SERIE NOU\u0102 Nr. 24 (23.03.2023 - 20.04.2023)\">SERIE NOU\u0102 Nr. 24 (23.03.2023 - 20.04.2023) 192 322<\/a><a href=\"https:\/\/revista-afacerea.ro\/afacerea\/?issue=serie-noua-nr-25-21-04-2023-23-05-2023\" alt=\"SERIE NOU\u0102 Nr. 25 (21.04.2023 \u2013 23.05.2023)\">SERIE NOU\u0102 Nr. 25 (21.04.2023 \u2013 23.05.2023) 298 322<\/a><a href=\"https:\/\/revista-afacerea.ro\/afacerea\/?issue=serie-noua-nr-26-24-05-2023-27-06-2023\" alt=\"SERIE NOU\u0102 Nr. 26 (24.05.2023 - 27.06.2023)\">SERIE NOU\u0102 Nr. 26 (24.05.2023 - 27.06.2023) 299 322<\/a><a href=\"https:\/\/revista-afacerea.ro\/afacerea\/?issue=serie-noua-nr-27-28-062023-25-07-2023\" alt=\"SERIE NOU\u0102 Nr. 27 (28.06.2023 \u2013 25.07.2023)\">SERIE NOU\u0102 Nr. 27 (28.06.2023 \u2013 25.07.2023) 300 322<\/a><a href=\"https:\/\/revista-afacerea.ro\/afacerea\/?issue=serie-noua-nr-28-26-07-2023-29-08-2023\" alt=\"SERIE NOU\u0102 Nr. 28 (26.07.2023 - 29.08.2023)\">SERIE NOU\u0102 Nr. 28 (26.07.2023 - 29.08.2023) 304 322<\/a><a href=\"https:\/\/revista-afacerea.ro\/afacerea\/?issue=serie-noua-nr-29-27-09-2023-12-12-2023\" alt=\"SERIE NOU\u0102 Nr. 29 (27.09.2023-12.12.2023)\">SERIE NOU\u0102 Nr. 29 (27.09.2023-12.12.2023) 306 322<\/a><a href=\"https:\/\/revista-afacerea.ro\/afacerea\/?issue=serie-noua-nr-30-13-12-2023-30-01-2024\" alt=\"SERIE NOU\u0102 Nr. 30 (13.12.2023 - 30.01.2024)\">SERIE NOU\u0102 Nr. 30 (13.12.2023 - 30.01.2024) 307 322<\/a><a href=\"https:\/\/revista-afacerea.ro\/afacerea\/?issue=serie-noua-nr-31-31012024-29022024\" alt=\"SERIE NOU\u0102 Nr. 31 (31.01.2024 - 29.02.2024)\">SERIE NOU\u0102 Nr. 31 (31.01.2024 - 29.02.2024) 309 322<\/a><a href=\"https:\/\/revista-afacerea.ro\/afacerea\/?issue=serie-noua-nr-32-01-03-2024-03-04-2024\" alt=\"SERIE NOU\u0102 Nr. 32 (01.03.2024 - 03.04.2024)\">SERIE NOU\u0102 Nr. 32 (01.03.2024 - 03.04.2024) 311 322<\/a><a href=\"https:\/\/revista-afacerea.ro\/afacerea\/?issue=serie-noua-nr-33-04-04-2024-08-05-2024\" alt=\"SERIE NOU\u0102 Nr. 33 (04.04.2024 - 08.05.2024)\">SERIE NOU\u0102 Nr. 33 (04.04.2024 - 08.05.2024) 312 322<\/a><a href=\"https:\/\/revista-afacerea.ro\/afacerea\/?issue=serie-noua-nr-34-09-05-2024-05-06-2024\" alt=\"SERIE NOU\u0102 Nr. 34 (09.05.2024-05.06.2024)\">SERIE NOU\u0102 Nr. 34 (09.05.2024-05.06.2024) 313 322<\/a><a href=\"https:\/\/revista-afacerea.ro\/afacerea\/?issue=serie-noua-nr-35-06-06-09-07-2024\" alt=\"SERIE NOU\u0102 Nr. 35 (06.06.2024-09.07.2024)\">SERIE NOU\u0102 Nr. 35 (06.06.2024-09.07.2024) 315 322<\/a><a href=\"https:\/\/revista-afacerea.ro\/afacerea\/?issue=serie-noua-nr-36-10-07-2024-06-08-2024\" alt=\"SERIE NOU\u0102 Nr. 36 (10.07.2024 - 06.08.2024)\">SERIE NOU\u0102 Nr. 36 (10.07.2024 - 06.08.2024) 316 322<\/a><a href=\"https:\/\/revista-afacerea.ro\/afacerea\/?issue=serie-noua-nr-37-07-08-2024-03-09-2024\" alt=\"SERIE NOU\u0102 Nr. 37 (07.08.2024 - 03.09.2024)\">SERIE NOU\u0102 Nr. 37 (07.08.2024 - 03.09.2024) 318 322<\/a><a href=\"https:\/\/revista-afacerea.ro\/afacerea\/?issue=serie-noua-nr-38-04-09-2024-08-10-2024\" alt=\"SERIE NOU\u0102 Nr. 38 (04.09.2024 - 08.10.2024)\">SERIE NOU\u0102 Nr. 38 (04.09.2024 - 08.10.2024) 319 322<\/a><a href=\"https:\/\/revista-afacerea.ro\/afacerea\/?issue=serie-noua-nr-39-09-10-2024-10-12-2024\" alt=\"SERIE NOU\u0102 Nr. 39 (09.10.2024 - 10.12.2024)\">SERIE NOU\u0102 Nr. 39 (09.10.2024 - 10.12.2024) 320 322<\/a><a href=\"https:\/\/revista-afacerea.ro\/afacerea\/?issue=serie-noua-nr-40-11-12-2024-14-01-2025\" alt=\"SERIE NOU\u0102 Nr. 40 (11.12.2024 - 14.01.2025)\">SERIE NOU\u0102 Nr. 40 (11.12.2024 - 14.01.2025) 321 322<\/a><div class=\"wpb_text_column\"><div class=\"wpb_wrapper\">\n<\/div><\/div><\/div><\/div><\/div><\/div><\/div><\/section>\n","protected":false},"excerpt":{"rendered":"Arhiv\u0103SERIE NOU\u0102 Nr. 1 (09.09.2020 - 06.10.2020) 144 322SERIE NOU\u0102 Nr. 2 (07.10.2020 - 03.11.2020) 145 322SERIE NOU\u0102 Nr. 3 (04.11.2020 - 01.12.2020) 147 322SERIE NOU\u0102 Nr. 4 (02.12.2020 - 12.01.2021) 152 322SERIE NOU\u0102 Nr. 5 (13.01.2021 - 09.02.2021) 154 322SERIE NOU\u0102 Nr. 6 (10.02.2021 - 13.03.2021) 155 322SERIE NOU\u0102 Nr. 7 (14.03.2021 - 14.04.2021)...","protected":false},"author":1,"featured_media":0,"parent":0,"menu_order":0,"comment_status":"closed","ping_status":"closed","template":"","meta":{"_acf_changed":false,"footnotes":""},"class_list":["post-15","page","type-page","status-publish","hentry"],"acf":[],"yoast_head":"<!-- This site is optimized with the Yoast SEO plugin v24.4 - https:\/\/yoast.com\/wordpress\/plugins\/seo\/ -->\n<title>Arhiv\u0103 - Afacerea<\/title>\n<meta name=\"robots\" content=\"index, follow, max-snippet:-1, max-image-preview:large, max-video-preview:-1\" \/>\n<link rel=\"canonical\" href=\"https:\/\/revista-afacerea.ro\/afacerea\/arhiva\/?issue=serie-noua-nr-41-15-01-01-2025-14-02-2025\" \/>\n<meta property=\"og:locale\" content=\"ro_RO\" \/>\n<meta property=\"og:type\" content=\"article\" \/>\n<meta property=\"og:title\" content=\"Arhiv\u0103 - Afacerea\" \/>\n<meta property=\"og:url\" content=\"https:\/\/revista-afacerea.ro\/afacerea\/arhiva\/?issue=serie-noua-nr-41-15-01-01-2025-14-02-2025\" \/>\n<meta property=\"og:site_name\" content=\"Afacerea\" \/>\n<meta property=\"article:modified_time\" content=\"2020-10-01T12:11:47+00:00\" \/>\n<meta property=\"og:image\" content=\"https:\/\/revista-afacerea.ro\/afacerea\/wp-content\/uploads\/2021\/01\/facebook-cover.png\" \/>\n\t<meta property=\"og:image:width\" content=\"1200\" \/>\n\t<meta property=\"og:image:height\" content=\"630\" \/>\n\t<meta property=\"og:image:type\" content=\"image\/png\" \/>\n<meta name=\"twitter:card\" content=\"summary_large_image\" \/>\n<script type=\"application\/ld+json\" class=\"yoast-schema-graph\">{\"@context\":\"https:\/\/schema.org\",\"@graph\":[{\"@type\":\"WebPage\",\"@id\":\"https:\/\/revista-afacerea.ro\/afacerea\/arhiva\/?issue=serie-noua-nr-41-15-01-01-2025-14-02-2025\",\"url\":\"https:\/\/revista-afacerea.ro\/afacerea\/arhiva\/?issue=serie-noua-nr-41-15-01-01-2025-14-02-2025\",\"name\":\"Arhiv\u0103 - Afacerea\",\"isPartOf\":{\"@id\":\"https:\/\/revista-afacerea.ro\/afacerea\/#website\"},\"datePublished\":\"2019-06-25T23:50:41+00:00\",\"dateModified\":\"2020-10-01T12:11:47+00:00\",\"breadcrumb\":{\"@id\":\"https:\/\/revista-afacerea.ro\/afacerea\/arhiva\/?issue=serie-noua-nr-41-15-01-01-2025-14-02-2025#breadcrumb\"},\"inLanguage\":\"ro-RO\",\"potentialAction\":[{\"@type\":\"ReadAction\",\"target\":[\"https:\/\/revista-afacerea.ro\/afacerea\/arhiva\/?issue=serie-noua-nr-41-15-01-01-2025-14-02-2025\"]}]},{\"@type\":\"BreadcrumbList\",\"@id\":\"https:\/\/revista-afacerea.ro\/afacerea\/arhiva\/?issue=serie-noua-nr-41-15-01-01-2025-14-02-2025#breadcrumb\",\"itemListElement\":[{\"@type\":\"ListItem\",\"position\":1,\"name\":\"Prima pagin\u0103\",\"item\":\"https:\/\/revista-afacerea.ro\/afacerea\/?issue=serie-noua-nr-41-15-01-01-2025-14-02-2025\"},{\"@type\":\"ListItem\",\"position\":2,\"name\":\"Arhiv\u0103\"}]},{\"@type\":\"WebSite\",\"@id\":\"https:\/\/revista-afacerea.ro\/afacerea\/#website\",\"url\":\"https:\/\/revista-afacerea.ro\/afacerea\/\",\"name\":\"Afacerea\",\"description\":\"\",\"potentialAction\":[{\"@type\":\"SearchAction\",\"target\":{\"@type\":\"EntryPoint\",\"urlTemplate\":\"https:\/\/revista-afacerea.ro\/afacerea\/?s={search_term_string}\"},\"query-input\":{\"@type\":\"PropertyValueSpecification\",\"valueRequired\":true,\"valueName\":\"search_term_string\"}}],\"inLanguage\":\"ro-RO\"}]}<\/script>\n<!-- \/ Yoast SEO plugin. -->","yoast_head_json":{"title":"Arhiv\u0103 - Afacerea","robots":{"index":"index","follow":"follow","max-snippet":"max-snippet:-1","max-image-preview":"max-image-preview:large","max-video-preview":"max-video-preview:-1"},"canonical":"https:\/\/revista-afacerea.ro\/afacerea\/arhiva\/?issue=serie-noua-nr-41-15-01-01-2025-14-02-2025","og_locale":"ro_RO","og_type":"article","og_title":"Arhiv\u0103 - Afacerea","og_url":"https:\/\/revista-afacerea.ro\/afacerea\/arhiva\/?issue=serie-noua-nr-41-15-01-01-2025-14-02-2025","og_site_name":"Afacerea","article_modified_time":"2020-10-01T12:11:47+00:00","og_image":[{"width":1200,"height":630,"url":"https:\/\/revista-afacerea.ro\/afacerea\/wp-content\/uploads\/2021\/01\/facebook-cover.png","type":"image\/png"}],"twitter_card":"summary_large_image","schema":{"@context":"https:\/\/schema.org","@graph":[{"@type":"WebPage","@id":"https:\/\/revista-afacerea.ro\/afacerea\/arhiva\/?issue=serie-noua-nr-41-15-01-01-2025-14-02-2025","url":"https:\/\/revista-afacerea.ro\/afacerea\/arhiva\/?issue=serie-noua-nr-41-15-01-01-2025-14-02-2025","name":"Arhiv\u0103 - Afacerea","isPartOf":{"@id":"https:\/\/revista-afacerea.ro\/afacerea\/#website"},"datePublished":"2019-06-25T23:50:41+00:00","dateModified":"2020-10-01T12:11:47+00:00","breadcrumb":{"@id":"https:\/\/revista-afacerea.ro\/afacerea\/arhiva\/?issue=serie-noua-nr-41-15-01-01-2025-14-02-2025#breadcrumb"},"inLanguage":"ro-RO","potentialAction":[{"@type":"ReadAction","target":["https:\/\/revista-afacerea.ro\/afacerea\/arhiva\/?issue=serie-noua-nr-41-15-01-01-2025-14-02-2025"]}]},{"@type":"BreadcrumbList","@id":"https:\/\/revista-afacerea.ro\/afacerea\/arhiva\/?issue=serie-noua-nr-41-15-01-01-2025-14-02-2025#breadcrumb","itemListElement":[{"@type":"ListItem","position":1,"name":"Prima pagin\u0103","item":"https:\/\/revista-afacerea.ro\/afacerea\/?issue=serie-noua-nr-41-15-01-01-2025-14-02-2025"},{"@type":"ListItem","position":2,"name":"Arhiv\u0103"}]},{"@type":"WebSite","@id":"https:\/\/revista-afacerea.ro\/afacerea\/#website","url":"https:\/\/revista-afacerea.ro\/afacerea\/","name":"Afacerea","description":"","potentialAction":[{"@type":"SearchAction","target":{"@type":"EntryPoint","urlTemplate":"https:\/\/revista-afacerea.ro\/afacerea\/?s={search_term_string}"},"query-input":{"@type":"PropertyValueSpecification","valueRequired":true,"valueName":"search_term_string"}}],"inLanguage":"ro-RO"}]}},"_links":{"self":[{"href":"https:\/\/revista-afacerea.ro\/afacerea\/wp-json\/wp\/v2\/pages\/15","targetHints":{"allow":["GET"]}}],"collection":[{"href":"https:\/\/revista-afacerea.ro\/afacerea\/wp-json\/wp\/v2\/pages"}],"about":[{"href":"https:\/\/revista-afacerea.ro\/afacerea\/wp-json\/wp\/v2\/types\/page"}],"author":[{"embeddable":true,"href":"https:\/\/revista-afacerea.ro\/afacerea\/wp-json\/wp\/v2\/users\/1"}],"replies":[{"embeddable":true,"href":"https:\/\/revista-afacerea.ro\/afacerea\/wp-json\/wp\/v2\/comments?post=15"}],"version-history":[{"count":3,"href":"https:\/\/revista-afacerea.ro\/afacerea\/wp-json\/wp\/v2\/pages\/15\/revisions"}],"predecessor-version":[{"id":1857,"href":"https:\/\/revista-afacerea.ro\/afacerea\/wp-json\/wp\/v2\/pages\/15\/revisions\/1857"}],"wp:attachment":[{"href":"https:\/\/revista-afacerea.ro\/afacerea\/wp-json\/wp\/v2\/media?parent=15"}],"curies":[{"name":"wp","href":"https:\/\/api.w.org\/{rel}","templated":true}]}}